{"id":209,"date":"2018-05-07T15:30:22","date_gmt":"2018-05-07T15:30:22","guid":{"rendered":"https:\/\/sohonet.be\/societal-housing-network\/"},"modified":"2026-03-27T11:59:09","modified_gmt":"2026-03-27T09:59:09","slug":"accueil","status":"publish","type":"page","link":"https:\/\/sohonet.be\/nl\/","title":{"rendered":"Accueil"},"content":{"rendered":"\t\t<div data-elementor-type=\"wp-post\" data-elementor-id=\"209\" class=\"elementor elementor-209 elementor-4\" data-elementor-post-type=\"page\">\n\t\t\t\t\t\t<section class=\"elementor-section elementor-top-section elementor-element elementor-element-52a1f2a elementor-section-boxed elementor-section-height-default elementor-section-height-default\" data-id=\"52a1f2a\" data-element_type=\"section\" data-e-type=\"section\">\n\t\t\t\t\t\t<div class=\"elementor-container elementor-column-gap-default\">\n\t\t\t\t\t<div class=\"elementor-column elementor-col-100 elementor-top-column elementor-element elementor-element-33c8f0f\" data-id=\"33c8f0f\" data-element_type=\"column\" data-e-type=\"column\">\n\t\t\t<div class=\"elementor-widget-wrap elementor-element-populated\">\n\t\t\t\t\t\t<section class=\"elementor-section elementor-inner-section elementor-element elementor-element-70f2a34 elementor-section-boxed elementor-section-height-default elementor-section-height-default\" data-id=\"70f2a34\" data-element_type=\"section\" data-e-type=\"section\">\n\t\t\t\t\t\t<div class=\"elementor-container elementor-column-gap-default\">\n\t\t\t\t\t<div class=\"elementor-column elementor-col-50 elementor-inner-column elementor-element elementor-element-73b9964\" data-id=\"73b9964\" data-element_type=\"column\" data-e-type=\"column\">\n\t\t\t<div class=\"elementor-widget-wrap\">\n\t\t\t\t\t\t\t<\/div>\n\t\t<\/div>\n\t\t\t\t<div class=\"elementor-column elementor-col-50 elementor-inner-column elementor-element elementor-element-ce82471\" data-id=\"ce82471\" data-element_type=\"column\" data-e-type=\"column\">\n\t\t\t<div class=\"elementor-widget-wrap\">\n\t\t\t\t\t\t\t<\/div>\n\t\t<\/div>\n\t\t\t\t\t<\/div>\n\t\t<\/section>\n\t\t\t\t<div class=\"elementor-element elementor-element-9f0c3db elementor-widget__width-initial elementor-widget elementor-widget-heading\" data-id=\"9f0c3db\" data-element_type=\"widget\" data-e-type=\"widget\" data-widget_type=\"heading.default\">\n\t\t\t\t<div class=\"elementor-widget-container\">\n\t\t\t\t\t<h1 class=\"elementor-heading-title elementor-size-default\"><br>Le r\u00e9seau SoHoNeT <br>  <br><\/h1>\t\t\t\t<\/div>\n\t\t\t\t<\/div>\n\t\t\t\t<div class=\"elementor-element elementor-element-74ec318 elementor-widget elementor-widget-heading\" data-id=\"74ec318\" data-element_type=\"widget\" data-e-type=\"widget\" data-widget_type=\"heading.default\">\n\t\t\t\t<div class=\"elementor-widget-container\">\n\t\t\t\t\t<h2 class=\"elementor-heading-title elementor-size-default\"><br>Societal<\/h2>\t\t\t\t<\/div>\n\t\t\t\t<\/div>\n\t\t\t\t<div class=\"elementor-element elementor-element-d9f4d2b elementor-widget elementor-widget-text-editor\" data-id=\"d9f4d2b\" data-element_type=\"widget\" data-e-type=\"widget\" data-widget_type=\"text-editor.default\">\n\t\t\t\t<div class=\"elementor-widget-container\">\n\t\t\t\t\t\t\t\t\t<p><span style=\"font-size: 12.0pt; line-height: 115%; font-family: 'Aptos',sans-serif; mso-ascii-theme-font: minor-latin; mso-fareast-font-family: Aptos; mso-fareast-theme-font: minor-latin; mso-hansi-theme-font: minor-latin; mso-bidi-font-family: Arial; mso-bidi-theme-font: minor-bidi; mso-ansi-language: FR-BE; mso-fareast-language: EN-US; mso-bidi-language: AR-SA;\">Ce qui fait r\u00e9f\u00e9rence aux diff\u00e9rents aspects de la vie\u00a0sociale\u00a0des individus, en ce qu\u2019ils constituent une soci\u00e9t\u00e9. Pour SoHoNet, c\u2019est l\u2019humain d\u2019abord, tout au long et dans tous les aspects de sa vie. Nos actions se veulent adapt\u00e9es au contexte de chaque projet; promouvant l\u2019accompagnement des acteurs concern\u00e9s, l\u2019inclusion, la mixit\u00e9, la solidarit\u00e9 et l\u2019autonomie des habitants.\u00a0<\/span><\/p>\t\t\t\t\t\t\t\t<\/div>\n\t\t\t\t<\/div>\n\t\t\t\t<div class=\"elementor-element elementor-element-7ba8358 elementor-widget elementor-widget-heading\" data-id=\"7ba8358\" data-element_type=\"widget\" data-e-type=\"widget\" data-widget_type=\"heading.default\">\n\t\t\t\t<div class=\"elementor-widget-container\">\n\t\t\t\t\t<h2 class=\"elementor-heading-title elementor-size-default\">Housing<\/h2>\t\t\t\t<\/div>\n\t\t\t\t<\/div>\n\t\t\t\t<div class=\"elementor-element elementor-element-1da16df elementor-widget elementor-widget-text-editor\" data-id=\"1da16df\" data-element_type=\"widget\" data-e-type=\"widget\" data-widget_type=\"text-editor.default\">\n\t\t\t\t<div class=\"elementor-widget-container\">\n\t\t\t\t\t\t\t\t\t<p><span style=\"font-family: Aptos, sans-serif; font-size: 12pt;\">SoHoNet part du constat que le logement est le socle de base de l\u2019int\u00e9gration sociale et qu\u2019il constitue un droit reconnu par la Constitution belge. N\u00e9anmoins, tous les acteurs font \u00e9tat d\u2019une p\u00e9nurie de logements accessibles \u00e0 tous, d\u00e9cents et durables. En compl\u00e9ment de l\u2019offre publique via le logement social, SoHoNet soutient l\u2019acc\u00e8s au logement abordable par d\u2019autres voies, via la construction neuve ou la r\u00e9novation.<\/span>.<\/p>\t\t\t\t\t\t\t\t<\/div>\n\t\t\t\t<\/div>\n\t\t\t\t<div class=\"elementor-element elementor-element-574659f elementor-widget elementor-widget-heading\" data-id=\"574659f\" data-element_type=\"widget\" data-e-type=\"widget\" data-widget_type=\"heading.default\">\n\t\t\t\t<div class=\"elementor-widget-container\">\n\t\t\t\t\t<h2 class=\"elementor-heading-title elementor-size-default\">Network<\/h2>\t\t\t\t<\/div>\n\t\t\t\t<\/div>\n\t\t\t\t<div class=\"elementor-element elementor-element-da0c3de elementor-widget elementor-widget-text-editor\" data-id=\"da0c3de\" data-element_type=\"widget\" data-e-type=\"widget\" data-widget_type=\"text-editor.default\">\n\t\t\t\t<div class=\"elementor-widget-container\">\n\t\t\t\t\t\t\t\t\t<p><span style=\"font-size: 12.0pt; line-height: 115%; font-family: 'Aptos',sans-serif; mso-ascii-theme-font: minor-latin; mso-fareast-font-family: Aptos; mso-fareast-theme-font: minor-latin; mso-hansi-theme-font: minor-latin; mso-bidi-font-family: Arial; mso-bidi-theme-font: minor-bidi; mso-ansi-language: FR-BE; mso-fareast-language: EN-US; mso-bidi-language: AR-SA;\">La diversit\u00e9 et l\u2019engagement des acteurs mobilisables dans notre r\u00e9seau constitue une plus-value importante afin de concr\u00e9tiser les objectifs de SoHoNet. L\u2019asbl compte sur l\u2019hybridation f\u00e9conde entre exp\u00e9riences r\u00e9ciproques des secteurs associatif et priv\u00e9, r\u00e9alit\u00e9s du terrain, savoirs acad\u00e9miques, nouvelles formes d\u2019habitat et mod\u00e8les \u00e9conomiques alternatifs. Ceci, afin de concourir concr\u00e8tement et de mani\u00e8re significative \u00e0 la production de logements \u00e0 finalit\u00e9 sociale en r\u00e9gion de Bruxelles Capitale.<\/span><\/p>\t\t\t\t\t\t\t\t<\/div>\n\t\t\t\t<\/div>\n\t\t\t\t<div class=\"elementor-element elementor-element-569fffb elementor-widget elementor-widget-spacer\" data-id=\"569fffb\" data-element_type=\"widget\" data-e-type=\"widget\" data-widget_type=\"spacer.default\">\n\t\t\t\t<div class=\"elementor-widget-container\">\n\t\t\t\t\t\t\t<div class=\"elementor-spacer\">\n\t\t\t<div class=\"elementor-spacer-inner\"><\/div>\n\t\t<\/div>\n\t\t\t\t\t\t<\/div>\n\t\t\t\t<\/div>\n\t\t\t\t<div class=\"elementor-element elementor-element-814d9e4 elementor-widget__width-initial elementor-widget elementor-widget-image\" data-id=\"814d9e4\" data-element_type=\"widget\" data-e-type=\"widget\" data-widget_type=\"image.default\">\n\t\t\t\t<div class=\"elementor-widget-container\">\n\t\t\t\t\t\t\t\t\t\t\t\t<figure class=\"wp-caption\">\n\t\t\t\t\t\t\t\t\t\t<img fetchpriority=\"high\" decoding=\"async\" width=\"800\" height=\"534\" src=\"https:\/\/sohonet.be\/wp-content\/uploads\/2018\/05\/op_080801_social_housing_033-1024x683.jpg\" class=\"attachment-large size-large wp-image-381\" alt=\"\" srcset=\"https:\/\/sohonet.be\/wp-content\/uploads\/2018\/05\/op_080801_social_housing_033-1024x683.jpg 1024w, https:\/\/sohonet.be\/wp-content\/uploads\/2018\/05\/op_080801_social_housing_033-300x200.jpg 300w, https:\/\/sohonet.be\/wp-content\/uploads\/2018\/05\/op_080801_social_housing_033-768x512.jpg 768w, https:\/\/sohonet.be\/wp-content\/uploads\/2018\/05\/op_080801_social_housing_033.jpg 1200w\" sizes=\"(max-width: 800px) 100vw, 800px\" \/>\t\t\t\t\t\t\t\t\t\t\t<figcaption class=\"widget-image-caption wp-caption-text\">Photographie - <a href=\"http:\/\/photographe-polet.com\/olivier-polet-photographe\/\" target=\"_blank\">Olivier Polet<\/a><\/figcaption>\n\t\t\t\t\t\t\t\t\t\t<\/figure>\n\t\t\t\t\t\t\t\t\t<\/div>\n\t\t\t\t<\/div>\n\t\t\t\t\t<\/div>\n\t\t<\/div>\n\t\t\t\t\t<\/div>\n\t\t<\/section>\n\t\t\t\t<section class=\"elementor-section elementor-top-section elementor-element elementor-element-53f2b12 elementor-section-boxed elementor-section-height-default elementor-section-height-default\" data-id=\"53f2b12\" data-element_type=\"section\" data-e-type=\"section\">\n\t\t\t\t\t\t<div class=\"elementor-container elementor-column-gap-default\">\n\t\t\t\t\t<div class=\"elementor-column elementor-col-100 elementor-top-column elementor-element elementor-element-0db710c\" data-id=\"0db710c\" data-element_type=\"column\" data-e-type=\"column\">\n\t\t\t<div class=\"elementor-widget-wrap\">\n\t\t\t\t\t\t\t<\/div>\n\t\t<\/div>\n\t\t\t\t\t<\/div>\n\t\t<\/section>\n\t\t\t\t<section class=\"elementor-section elementor-top-section elementor-element elementor-element-bf9c580 elementor-section-boxed elementor-section-height-default elementor-section-height-default\" data-id=\"bf9c580\" data-element_type=\"section\" data-e-type=\"section\">\n\t\t\t\t\t\t<div class=\"elementor-container elementor-column-gap-default\">\n\t\t\t\t\t<div class=\"elementor-column elementor-col-100 elementor-top-column elementor-element elementor-element-9334965\" data-id=\"9334965\" data-element_type=\"column\" data-e-type=\"column\">\n\t\t\t<div class=\"elementor-widget-wrap elementor-element-populated\">\n\t\t\t\t\t\t<div class=\"elementor-element elementor-element-951c5ce elementor-widget elementor-widget-spacer\" data-id=\"951c5ce\" data-element_type=\"widget\" data-e-type=\"widget\" data-widget_type=\"spacer.default\">\n\t\t\t\t<div class=\"elementor-widget-container\">\n\t\t\t\t\t\t\t<div class=\"elementor-spacer\">\n\t\t\t<div class=\"elementor-spacer-inner\"><\/div>\n\t\t<\/div>\n\t\t\t\t\t\t<\/div>\n\t\t\t\t<\/div>\n\t\t\t\t\t<\/div>\n\t\t<\/div>\n\t\t\t\t\t<\/div>\n\t\t<\/section>\n\t\t\t\t<\/div>\n\t\t","protected":false},"excerpt":{"rendered":"<p>Le r\u00e9seau SoHoNeT Societal Ce qui fait r\u00e9f\u00e9rence aux diff\u00e9rents aspects de la vie\u00a0sociale\u00a0des individus, en ce qu\u2019ils constituent une soci\u00e9t\u00e9. Pour SoHoNet, c\u2019est l\u2019humain d\u2019abord, tout au long et dans tous les aspects de sa vie. Nos actions se veulent adapt\u00e9es au contexte de chaque projet; promouvant l\u2019accompagnement des acteurs concern\u00e9s, l\u2019inclusion, la mixit\u00e9, [&hellip;]<\/p>\n","protected":false},"author":3,"featured_media":0,"parent":0,"menu_order":0,"comment_status":"closed","ping_status":"closed","template":"elementor_header_footer","meta":{"footnotes":""},"class_list":["post-209","page","type-page","status-publish","hentry"],"_links":{"self":[{"href":"https:\/\/sohonet.be\/nl\/wp-json\/wp\/v2\/pages\/209","targetHints":{"allow":["GET"]}}],"collection":[{"href":"https:\/\/sohonet.be\/nl\/wp-json\/wp\/v2\/pages"}],"about":[{"href":"https:\/\/sohonet.be\/nl\/wp-json\/wp\/v2\/types\/page"}],"author":[{"embeddable":true,"href":"https:\/\/sohonet.be\/nl\/wp-json\/wp\/v2\/users\/3"}],"replies":[{"embeddable":true,"href":"https:\/\/sohonet.be\/nl\/wp-json\/wp\/v2\/comments?post=209"}],"version-history":[{"count":32,"href":"https:\/\/sohonet.be\/nl\/wp-json\/wp\/v2\/pages\/209\/revisions"}],"predecessor-version":[{"id":1216,"href":"https:\/\/sohonet.be\/nl\/wp-json\/wp\/v2\/pages\/209\/revisions\/1216"}],"wp:attachment":[{"href":"https:\/\/sohonet.be\/nl\/wp-json\/wp\/v2\/media?parent=209"}],"curies":[{"name":"wp","href":"https:\/\/api.w.org\/{rel}","templated":true}]}}